{"id":9578,"date":"2025-08-11T22:33:04","date_gmt":"2025-08-11T14:33:04","guid":{"rendered":"https:\/\/wellfitsource.com\/?page_id=9578"},"modified":"2025-08-30T14:16:30","modified_gmt":"2025-08-30T06:16:30","slug":"private-mold-amazon-fitness-case-study","status":"publish","type":"page","link":"https:\/\/wellfitsource.com\/es\/private-mold-amazon-fitness-case-study\/","title":{"rendered":"Private-mold-amazon-fitness-case-study"},"content":{"rendered":"<div data-elementor-type=\"wp-page\" data-elementor-id=\"9578\" class=\"elementor elementor-9578\" data-elementor-post-type=\"page\">\n\t\t\t\t<div class=\"elementor-element elementor-element-3090d330 e-flex e-con-boxed e-con e-parent\" data-id=\"3090d330\" data-element_type=\"container\" data-settings=\"{&quot;background_background&quot;:&quot;classic&quot;,&quot;ekit_has_onepagescroll_dot&quot;:&quot;yes&quot;}\">\n\t\t\t\t\t<div class=\"e-con-inner\">\n\t\t<div class=\"elementor-element elementor-element-1dd5a254 e-con-full e-flex e-con e-child\" data-id=\"1dd5a254\" data-element_type=\"container\" data-settings=\"{&quot;ekit_has_onepagescroll_dot&quot;:&quot;yes&quot;}\">\n\t\t\t\t<div class=\"elementor-element elementor-element-d672fc5 elementor-widget elementor-widget-heading\" data-id=\"d672fc5\" data-element_type=\"widget\" data-settings=\"{&quot;ekit_we_effect_on&quot;:&quot;none&quot;}\" data-widget_type=\"heading.default\">\n\t\t\t\t<div class=\"elementor-widget-container\">\n\t\t\t\t\t<h2 class=\"elementor-heading-title elementor-size-default\">Caso pr\u00e1ctico 2\n\n<\/h2>\t\t\t\t<\/div>\n\t\t\t\t<\/div>\n\t\t\t\t<div class=\"elementor-element elementor-element-18017fe7 elementor-widget elementor-widget-heading\" data-id=\"18017fe7\" data-element_type=\"widget\" data-settings=\"{&quot;ekit_we_effect_on&quot;:&quot;none&quot;}\" data-widget_type=\"heading.default\">\n\t\t\t\t<div class=\"elementor-widget-container\">\n\t\t\t\t\t<h2 class=\"elementor-heading-title elementor-size-default\">\u00bfC\u00f3mo un molde privado se convirti\u00f3 en un \u00e9xito de ventas en Amazon.de?<\/h2>\t\t\t\t<\/div>\n\t\t\t\t<\/div>\n\t\t\t\t<\/div>\n\t\t<div class=\"elementor-element elementor-element-263cd88a e-con-full e-flex e-con e-child\" data-id=\"263cd88a\" data-element_type=\"container\" data-settings=\"{&quot;ekit_has_onepagescroll_dot&quot;:&quot;yes&quot;}\">\n\t\t\t\t<\/div>\n\t\t\t\t\t<\/div>\n\t\t\t\t<\/div>\n\t\t<div class=\"elementor-element elementor-element-9624151 e-flex e-con-boxed e-con e-parent\" data-id=\"9624151\" data-element_type=\"container\" data-settings=\"{&quot;ekit_has_onepagescroll_dot&quot;:&quot;yes&quot;}\">\n\t\t\t\t\t<div class=\"e-con-inner\">\n\t\t\t\t<div class=\"elementor-element elementor-element-b198039 elementor-widget elementor-widget-heading\" data-id=\"b198039\" data-element_type=\"widget\" data-settings=\"{&quot;ekit_we_effect_on&quot;:&quot;none&quot;}\" data-widget_type=\"heading.default\">\n\t\t\t\t<div class=\"elementor-widget-container\">\n\t\t\t\t\t<h2 class=\"elementor-heading-title elementor-size-default\">Estudio de caso 2: \u00bfC\u00f3mo un molde privado se convirti\u00f3 en uno de los principales vendedores de Amazon.de?<\/h2>\t\t\t\t<\/div>\n\t\t\t\t<\/div>\n\t\t\t\t<div class=\"elementor-element elementor-element-6b68657 elementor-widget elementor-widget-text-editor\" data-id=\"6b68657\" data-element_type=\"widget\" data-settings=\"{&quot;ekit_we_effect_on&quot;:&quot;none&quot;}\" data-widget_type=\"text-editor.default\">\n\t\t\t\t<div class=\"elementor-widget-container\">\n\t\t\t\t\t\t\t\t\t<ul><li><strong>Tipo de negocio: Propietario de marca Amazon FBA<\/strong><\/li><li><strong>Producto: Herramienta de fitness moldeada para uso privado<\/strong><\/li><li><strong>Asociaci\u00f3n desde: 2022<\/strong><\/li><\/ul><p>\u00a0<\/p><p>\"Nuestro objetivo era crear un producto de fitness de alta gama con un aspecto \u00fanico y reconocible. Sin embargo, el control de costes, el plazo de entrega y las tasas de almacenamiento en el almac\u00e9n de Amazon siguieron siendo obst\u00e1culos clave durante el crecimiento.\"<\/p><p data-start=\"690\" data-end=\"708\">Nuestro cliente necesitaba:<\/p><ul data-start=\"709\" data-end=\"877\"><li data-start=\"709\" data-end=\"757\"><p data-start=\"711\" data-end=\"757\">Una herramienta de fitness de dise\u00f1o personalizado y moldeado privado<\/p><\/li><li data-start=\"758\" data-end=\"820\"><p data-start=\"760\" data-end=\"820\">Optimizaci\u00f3n competitiva de costes en todo el ciclo de vida del producto<\/p><\/li><li data-start=\"821\" data-end=\"877\"><p data-start=\"823\" data-end=\"877\">Manipulaci\u00f3n flexible de las existencias para reducir el estr\u00e9s del almacenamiento FBA<\/p><\/li><\/ul><hr data-start=\"879\" data-end=\"882\" \/><h3 data-start=\"884\" data-end=\"912\">Nuestra soluci\u00f3n a medida<\/h3><h4 data-start=\"914\" data-end=\"984\">1. <strong data-start=\"924\" data-end=\"982\">Desarrollo exclusivo de moldes - Terminado en s\u00f3lo 25 d\u00edas<\/strong><\/h4><p data-start=\"985\" data-end=\"1252\">Conseguimos dar vida a su concepto con un molde privado completo, entregado en tan s\u00f3lo <strong data-start=\"1075\" data-end=\"1086\">25 d\u00edas<\/strong>. El producto se convirti\u00f3 r\u00e1pidamente en un <strong data-start=\"1117\" data-end=\"1137\">Los 3 m\u00e1s vendidos<\/strong> en su categor\u00eda en Amazon Alemania a los tres meses de su lanzamiento, todo ello gracias a un dise\u00f1o \u00fanico y a su rapidez de comercializaci\u00f3n.<\/p><h4 data-start=\"1254\" data-end=\"1308\">2. <strong data-start=\"1264\" data-end=\"1306\">Optimizaci\u00f3n sostenida de costes a gran escala<\/strong><\/h4><p data-start=\"1309\" data-end=\"1400\">A lo largo de los a\u00f1os, hemos ayudado a este cliente a crecer, no s\u00f3lo en cantidad, sino tambi\u00e9n en rentabilidad.<\/p><p data-start=\"1402\" data-end=\"1442\"><strong data-start=\"1405\" data-end=\"1442\">Volumen de env\u00edos y eficiencia de costes<\/strong><\/p><div class=\"_tableContainer_1rjym_1\"><div class=\"_tableWrapper_1rjym_13 group flex w-fit flex-col-reverse\" tabindex=\"-1\"><table class=\"w-fit min-w-(--thread-content-width)\" data-start=\"1444\" data-end=\"1789\"><thead data-start=\"1444\" data-end=\"1499\"><tr data-start=\"1444\" data-end=\"1499\"><th data-start=\"1444\" data-end=\"1451\" data-col-size=\"sm\">A\u00f1o<\/th><th data-start=\"1451\" data-end=\"1473\" data-col-size=\"sm\">Total de unidades enviadas<\/th><th data-start=\"1473\" data-end=\"1499\" data-col-size=\"sm\">Reducci\u00f3n de costes aproximada<\/th><\/tr><\/thead><tbody data-start=\"1558\" data-end=\"1789\"><tr data-start=\"1558\" data-end=\"1615\"><td data-start=\"1558\" data-end=\"1565\" data-col-size=\"sm\">2022<\/td><td data-start=\"1565\" data-end=\"1588\" data-col-size=\"sm\">880 unidades<\/td><td data-start=\"1588\" data-end=\"1615\" data-col-size=\"sm\">&#8211;<\/td><\/tr><tr data-start=\"1616\" data-end=\"1673\"><td data-start=\"1616\" data-end=\"1623\" data-col-size=\"sm\">2023<\/td><td data-start=\"1623\" data-end=\"1646\" data-col-size=\"sm\">19.020 unidades<\/td><td data-start=\"1646\" data-end=\"1673\" data-col-size=\"sm\">~10-12% de ahorro<\/td><\/tr><tr data-start=\"1674\" data-end=\"1731\"><td data-start=\"1674\" data-end=\"1681\" data-col-size=\"sm\">2024<\/td><td data-start=\"1681\" data-end=\"1704\" data-col-size=\"sm\">22.200 unidades<\/td><td data-start=\"1704\" data-end=\"1731\" data-col-size=\"sm\">~8% de ahorro adicional<\/td><\/tr><tr data-start=\"1732\" data-end=\"1789\"><td data-start=\"1732\" data-end=\"1739\" data-col-size=\"sm\">2025<\/td><td data-start=\"1739\" data-end=\"1762\" data-col-size=\"sm\">35.000 unidades (est.)<\/td><td data-start=\"1762\" data-end=\"1789\" data-col-size=\"sm\">Eficiencia de costes en curso<\/td><\/tr><\/tbody><\/table><div class=\"sticky end-(--thread-content-margin) h-0 self-end select-none\"><div class=\"absolute end-0 flex items-end\">\u00a0<\/div><\/div><\/div><\/div><blockquote data-start=\"1791\" data-end=\"1920\"><p data-start=\"1793\" data-end=\"1920\">\ud83c\udfaf Cambio <strong data-start=\"1801\" data-end=\"1826\">20% ahorro de costes unitarios<\/strong> mediante mejoras de ingenier\u00eda, escalado de la producci\u00f3n y planificaci\u00f3n previa de las materias primas.<\/p><\/blockquote><h4 data-start=\"1922\" data-end=\"1971\"><strong data-start=\"1932\" data-end=\"1969\">3 meses gratis de servicio Buffer Stock<\/strong><\/h4><p data-start=\"1972\" data-end=\"2224\">Para aliviar la presi\u00f3n de los l\u00edmites y las tarifas de almacenamiento de FBA, ofrecimos un <strong data-start=\"2038\" data-end=\"2068\">90 d\u00edas de almacenamiento gratuito<\/strong>permitiendo <strong data-start=\"2083\" data-end=\"2103\">env\u00edos escalonados<\/strong>. Este enfoque flexible <strong data-start=\"2128\" data-end=\"2186\">el cliente ahorr\u00f3 miles de d\u00f3lares en costes de almacenamiento<\/strong> al tiempo que se garantiza un flujo de existencias estable.<\/p><h4 data-start=\"2226\" data-end=\"2292\">4. <strong data-start=\"2236\" data-end=\"2290\">Soporte fotogr\u00e1fico optimizado para Amazon a menor coste<\/strong><\/h4><p data-start=\"2293\" data-end=\"2567\">Para aumentar las tasas de conversi\u00f3n de los anuncios, tambi\u00e9n ayudamos al cliente a crear <strong data-start=\"2361\" data-end=\"2405\">im\u00e1genes de productos de Amazon de calidad profesional<\/strong> - incluyendo estilo de vida, imagen principal y reportajes. Nuestro <strong data-start=\"2464\" data-end=\"2491\">apoyo visual interno<\/strong> ofrecido <strong data-start=\"2500\" data-end=\"2521\">40%+ ahorro de costes<\/strong> en comparaci\u00f3n con los estudios fotogr\u00e1ficos de Amazon de terceros.<\/p><hr data-start=\"2569\" data-end=\"2572\" \/><h3 data-start=\"2574\" data-end=\"2600\">Resultados que importan<\/h3><div class=\"_tableContainer_1rjym_1\"><div class=\"_tableWrapper_1rjym_13 group flex w-fit flex-col-reverse\" tabindex=\"-1\"><table class=\"w-fit min-w-(--thread-content-width)\" data-start=\"2602\" data-end=\"3138\"><thead data-start=\"2602\" data-end=\"2677\"><tr data-start=\"2602\" data-end=\"2677\"><th data-start=\"2602\" data-end=\"2634\" data-col-size=\"sm\">Hito<\/th><th data-start=\"2634\" data-end=\"2677\" data-col-size=\"sm\">Beneficio para el cliente<\/th><\/tr><\/thead><tbody data-start=\"2754\" data-end=\"3138\"><tr data-start=\"2754\" data-end=\"2830\"><td data-start=\"2754\" data-end=\"2786\" data-col-size=\"sm\">Ranking de los m\u00e1s vendidos en Amazon<\/td><td data-start=\"2786\" data-end=\"2830\" data-col-size=\"sm\">Mayor visibilidad y ventas m\u00e1s r\u00e1pidas<\/td><\/tr><tr data-start=\"2831\" data-end=\"2907\"><td data-start=\"2831\" data-end=\"2863\" data-col-size=\"sm\">20%+ Reducci\u00f3n de costes<\/td><td data-start=\"2863\" data-end=\"2907\" data-col-size=\"sm\">Mayor beneficio por unidad<\/td><\/tr><tr data-start=\"2908\" data-end=\"2984\"><td data-start=\"2908\" data-end=\"2940\" data-col-size=\"sm\">Aumento de 40 veces la producci\u00f3n anual<\/td><td data-start=\"2940\" data-end=\"2984\" data-col-size=\"sm\">\u00c9xito a gran escala con un suministro fiable<\/td><\/tr><tr data-start=\"2985\" data-end=\"3061\"><td data-start=\"2985\" data-end=\"3017\" data-col-size=\"sm\">Reserva de existencias de 3 meses<\/td><td data-start=\"3017\" data-end=\"3061\" data-col-size=\"sm\">Menos presi\u00f3n FBA, m\u00e1s flujo de caja<\/td><\/tr><tr data-start=\"3062\" data-end=\"3138\"><td data-start=\"3062\" data-end=\"3094\" data-col-size=\"sm\">Im\u00e1genes de productos de nivel profesional<\/td><td data-start=\"3094\" data-end=\"3138\" data-col-size=\"sm\">Mejores clics e identidad de marca<\/td><\/tr><\/tbody><\/table><div class=\"sticky end-(--thread-content-margin) h-0 self-end select-none\"><div class=\"absolute end-0 flex items-end\">\u00a0<\/div><\/div><\/div><\/div><hr data-start=\"3140\" data-end=\"3143\" \/><h3 data-start=\"3145\" data-end=\"3183\">\u00bfPor qu\u00e9 los clientes conf\u00edan en Wellfitsource?<\/h3><div class=\"_tableContainer_1rjym_1\"><div class=\"_tableWrapper_1rjym_13 group flex w-fit flex-col-reverse\" tabindex=\"-1\"><table class=\"w-fit min-w-(--thread-content-width)\" data-start=\"3185\" data-end=\"3717\"><thead data-start=\"3185\" data-end=\"3261\"><tr data-start=\"3185\" data-end=\"3261\"><th data-start=\"3185\" data-end=\"3216\" data-col-size=\"sm\">Lo que mejor sabemos hacer<\/th><th data-start=\"3216\" data-end=\"3261\" data-col-size=\"sm\">Por qu\u00e9 le conviene<\/th><\/tr><\/thead><tbody data-start=\"3338\" data-end=\"3717\"><tr data-start=\"3338\" data-end=\"3413\"><td data-start=\"3338\" data-end=\"3368\" data-col-size=\"sm\">Construcci\u00f3n r\u00e1pida de moldes a medida<\/td><td data-start=\"3368\" data-end=\"3413\" data-col-size=\"sm\">Adel\u00e1ntese a la competencia en el mercado<\/td><\/tr><tr data-start=\"3414\" data-end=\"3489\"><td data-start=\"3414\" data-end=\"3444\" data-col-size=\"sm\">Gesti\u00f3n transparente de los costes<\/td><td data-start=\"3444\" data-end=\"3489\" data-col-size=\"sm\">Planificar a largo plazo con confianza<\/td><\/tr><tr data-start=\"3490\" data-end=\"3565\"><td data-start=\"3490\" data-end=\"3520\" data-col-size=\"sm\">Opciones de suministro flexibles<\/td><td data-start=\"3520\" data-end=\"3565\" data-col-size=\"sm\">Mantenerse \u00e1gil en log\u00edstica y control de tesorer\u00eda<\/td><\/tr><tr data-start=\"3566\" data-end=\"3641\"><td data-start=\"3566\" data-end=\"3596\" data-col-size=\"sm\">Soporte de contenidos de imagen<\/td><td data-start=\"3596\" data-end=\"3641\" data-col-size=\"sm\">Impulse sus anuncios sin m\u00e1s complicaciones<\/td><\/tr><tr data-start=\"3642\" data-end=\"3717\"><td data-start=\"3642\" data-end=\"3672\" data-col-size=\"sm\">Experiencia con marcas FBA<\/td><td data-start=\"3672\" data-end=\"3717\" data-col-size=\"sm\">Sabemos lo que necesitan los vendedores de Amazon<\/td><\/tr><\/tbody><\/table><div class=\"sticky end-(--thread-content-margin) h-0 self-end select-none\"><div class=\"absolute end-0 flex items-end\">\u00a0<\/div><\/div><\/div><\/div><hr data-start=\"3719\" data-end=\"3722\" \/><h2 data-start=\"3724\" data-end=\"3769\">\u00bfListo para crear su producto estrella en Amazon?<\/h2><p data-start=\"3771\" data-end=\"3910\">Tanto si se trata de lanzar una nueva idea como de ampliar una ya probada, <strong data-start=\"3835\" data-end=\"3909\">Wellfitsource es su socio de confianza para productos y cadena de suministro<\/strong>.<\/p><p data-start=\"3912\" data-end=\"4010\">Convirtamos su visi\u00f3n en una marca escalable y rentable, con rapidez, precisi\u00f3n y flexibilidad.<\/p>\t\t\t\t\t\t\t\t<\/div>\n\t\t\t\t<\/div>\n\t\t\t\t\t<\/div>\n\t\t\t\t<\/div>\n\t\t<div class=\"elementor-element elementor-element-112291e3 e-flex e-con-boxed e-con e-parent\" data-id=\"112291e3\" data-element_type=\"container\" data-settings=\"{&quot;background_background&quot;:&quot;classic&quot;,&quot;ekit_has_onepagescroll_dot&quot;:&quot;yes&quot;}\">\n\t\t\t\t\t<div class=\"e-con-inner\">\n\t\t<div class=\"elementor-element elementor-element-5ac221d3 e-con-full e-flex e-con e-child\" data-id=\"5ac221d3\" data-element_type=\"container\" data-settings=\"{&quot;ekit_has_onepagescroll_dot&quot;:&quot;yes&quot;}\">\n\t\t\t\t<div class=\"elementor-element elementor-element-5e544a09 elementor-widget elementor-widget-text-editor\" data-id=\"5e544a09\" data-element_type=\"widget\" data-settings=\"{&quot;ekit_we_effect_on&quot;:&quot;none&quot;}\" data-widget_type=\"text-editor.default\">\n\t\t\t\t<div class=\"elementor-widget-container\">\n\t\t\t\t\t\t\t\t\t<p><strong>Si tiene alguna pregunta sobre este estudio de caso o si quiere hacer lo mismo, p\u00f3ngase en contacto con nosotros.<\/strong><\/p>\t\t\t\t\t\t\t\t<\/div>\n\t\t\t\t<\/div>\n\t\t\t\t<\/div>\n\t\t<div class=\"elementor-element elementor-element-2c8a9890 e-con-full e-flex e-con e-child\" data-id=\"2c8a9890\" data-element_type=\"container\" data-settings=\"{&quot;ekit_has_onepagescroll_dot&quot;:&quot;yes&quot;}\">\n\t\t\t\t<div class=\"elementor-element elementor-element-59609189 elementor-align-center elementor-widget elementor-widget-button\" data-id=\"59609189\" data-element_type=\"widget\" data-settings=\"{&quot;ekit_we_effect_on&quot;:&quot;none&quot;}\" data-widget_type=\"button.default\">\n\t\t\t\t<div class=\"elementor-widget-container\">\n\t\t\t\t\t\t\t\t\t<div class=\"elementor-button-wrapper\">\n\t\t\t\t\t<a class=\"elementor-button elementor-button-link elementor-size-sm\" href=\"#elementor-action%3Aaction%3Dpopup%3Aopen%26settings%3DeyJpZCI6IjM1MyIsInRvZ2dsZSI6ZmFsc2V9\">\n\t\t\t\t\t\t<span class=\"elementor-button-content-wrapper\">\n\t\t\t\t\t\t\t\t\t<span class=\"elementor-button-text\">p\u00f3ngase en contacto ahora<\/span>\n\t\t\t\t\t<\/span>\n\t\t\t\t\t<\/a>\n\t\t\t\t<\/div>\n\t\t\t\t\t\t\t\t<\/div>\n\t\t\t\t<\/div>\n\t\t\t\t<\/div>\n\t\t\t\t\t<\/div>\n\t\t\t\t<\/div>\n\t\t\t\t<\/div>","protected":false},"excerpt":{"rendered":"<p>Case Study 2 How a Private Mold Turned into a Top Seller on Amazon.de? Case 2 Study:How a Private Mold Turned into a Top Seller on Amazon.de? Business Type: Amazon FBA Brand Owner Product: Private-Molded Fitness Tool Partnership Since: 2022 \u00a0 \u201cWe aimed to create a high-ranking fitness product with a unique, recognizable look. However, [&hellip;]<\/p>","protected":false},"author":4,"featured_media":0,"parent":0,"menu_order":0,"comment_status":"closed","ping_status":"closed","template":"","meta":{"_seopress_robots_primary_cat":"","_seopress_titles_title":"Private Mold Fitness Product Case | Amazon.de Bestseller Growth Story","_seopress_titles_desc":"Discover how a custom fitness mold scaled from 880 to 35,000 units on Amazon.de. Learn how Wellfitsource helps Amazon FBA brands reduce cost, lead time & boost listing sales.","_seopress_robots_index":"","footnotes":""},"class_list":["post-9578","page","type-page","status-publish","hentry"],"_links":{"self":[{"href":"https:\/\/wellfitsource.com\/es\/wp-json\/wp\/v2\/pages\/9578","targetHints":{"allow":["GET"]}}],"collection":[{"href":"https:\/\/wellfitsource.com\/es\/wp-json\/wp\/v2\/pages"}],"about":[{"href":"https:\/\/wellfitsource.com\/es\/wp-json\/wp\/v2\/types\/page"}],"author":[{"embeddable":true,"href":"https:\/\/wellfitsource.com\/es\/wp-json\/wp\/v2\/users\/4"}],"replies":[{"embeddable":true,"href":"https:\/\/wellfitsource.com\/es\/wp-json\/wp\/v2\/comments?post=9578"}],"version-history":[{"count":37,"href":"https:\/\/wellfitsource.com\/es\/wp-json\/wp\/v2\/pages\/9578\/revisions"}],"predecessor-version":[{"id":9629,"href":"https:\/\/wellfitsource.com\/es\/wp-json\/wp\/v2\/pages\/9578\/revisions\/9629"}],"wp:attachment":[{"href":"https:\/\/wellfitsource.com\/es\/wp-json\/wp\/v2\/media?parent=9578"}],"curies":[{"name":"wp","href":"https:\/\/api.w.org\/{rel}","templated":true}]}}