{"id":9298,"date":"2025-08-10T11:15:10","date_gmt":"2025-08-10T03:15:10","guid":{"rendered":"https:\/\/wellfitsource.com\/?page_id=9298"},"modified":"2026-01-20T13:48:36","modified_gmt":"2026-01-20T05:48:36","slug":"case-study","status":"publish","type":"page","link":"https:\/\/wellfitsource.com\/es\/case-study\/","title":{"rendered":"Estudio de caso"},"content":{"rendered":"<div data-elementor-type=\"wp-page\" data-elementor-id=\"9298\" class=\"elementor elementor-9298\" data-elementor-post-type=\"page\">\n\t\t\t\t<div class=\"elementor-element elementor-element-6c8391b1 e-flex e-con-boxed e-con e-parent\" data-id=\"6c8391b1\" data-element_type=\"container\" data-settings=\"{&quot;background_background&quot;:&quot;classic&quot;,&quot;ekit_has_onepagescroll_dot&quot;:&quot;yes&quot;}\">\n\t\t\t\t\t<div class=\"e-con-inner\">\n\t\t<div class=\"elementor-element elementor-element-465ce027 e-con-full e-flex e-con e-child\" data-id=\"465ce027\" data-element_type=\"container\" data-settings=\"{&quot;ekit_has_onepagescroll_dot&quot;:&quot;yes&quot;}\">\n\t\t\t\t<div class=\"elementor-element elementor-element-836daa4 elementor-widget elementor-widget-elementskit-heading\" data-id=\"836daa4\" data-element_type=\"widget\" data-settings=\"{&quot;ekit_we_effect_on&quot;:&quot;none&quot;}\" data-widget_type=\"elementskit-heading.default\">\n\t\t\t\t<div class=\"elementor-widget-container\">\n\t\t\t\t\t<div class=\"ekit-wid-con\" ><div class=\"ekit-heading elementskit-section-title-wraper text_center   ekit_heading_tablet-   ekit_heading_mobile-\"><h2 class=\"ekit-heading--title elementskit-section-title\"> <span><span>Su \u00e9xito es nuestra historia:<\/span><\/span> Asociaciones de eficacia probada<\/h2><\/div><\/div>\t\t\t\t<\/div>\n\t\t\t\t<\/div>\n\t\t\t\t<div class=\"elementor-element elementor-element-4f4d6a2d elementor-invisible elementor-widget elementor-widget-text-editor\" data-id=\"4f4d6a2d\" data-element_type=\"widget\" data-settings=\"{&quot;_animation&quot;:&quot;fadeInUp&quot;,&quot;_animation_delay&quot;:300,&quot;ekit_we_effect_on&quot;:&quot;none&quot;}\" data-widget_type=\"text-editor.default\">\n\t\t\t\t<div class=\"elementor-widget-container\">\n\t\t\t\t\t\t\t\t\t<p>En Wellfitsource, cada asociaci\u00f3n comienza con la comprensi\u00f3n de su visi\u00f3n, ya sea que est\u00e9 lanzando una nueva marca, ampliando su l\u00ednea de productos o probando el mercado con pedidos MOQ de bajo riesgo.<\/p><p>En <strong data-start=\"373\" data-end=\"413\">yoga, fitness, recuperaci\u00f3n y terapia<\/strong> esencial, ofrecemos soluciones OEM\/ODM integrales que dan vida a sus ideas. Nuestras cantidades de pedido flexibles, plazos de entrega r\u00e1pidos y asistencia experta en el mercado le ayudar\u00e1n a pasar del concepto al mercado con rapidez y confianza.<\/p><p>Somos m\u00e1s que un proveedor: somos su equipo entre bastidores, que combina productos de calidad con un servicio receptivo, una entrega fiable y una s\u00f3lida capacidad de suministro para impulsar el crecimiento de su marca desde el concepto hasta el cliente.<\/p>\t\t\t\t\t\t\t\t<\/div>\n\t\t\t\t<\/div>\n\t\t<div class=\"elementor-element elementor-element-245d5226 e-con-full e-flex e-con e-child\" data-id=\"245d5226\" data-element_type=\"container\" data-settings=\"{&quot;ekit_has_onepagescroll_dot&quot;:&quot;yes&quot;}\">\n\t\t<div class=\"elementor-element elementor-element-69bdf919 e-con-full e-flex e-con e-child\" data-id=\"69bdf919\" data-element_type=\"container\" data-settings=\"{&quot;ekit_has_onepagescroll_dot&quot;:&quot;yes&quot;}\">\n\t\t\t\t<div class=\"elementor-element elementor-element-1291ca4c elementor-align-right elementor-align--mobilecenter elementor-widget elementor-widget-elementskit-button\" data-id=\"1291ca4c\" data-element_type=\"widget\" data-settings=\"{&quot;ekit_we_effect_on&quot;:&quot;none&quot;}\" data-widget_type=\"elementskit-button.default\">\n\t\t\t\t<div class=\"elementor-widget-container\">\n\t\t\t\t\t<div class=\"ekit-wid-con\" >\t\t<div class=\"ekit-btn-wraper\">\n\t\t\t\t\t\t\t<a href=\"#elementor-action%3Aaction%3Dpopup%3Aopen%26settings%3DeyJpZCI6IjM1MyIsInRvZ2dsZSI6ZmFsc2V9\" class=\"elementskit-btn  whitespace--normal\" id=\"\">\n\t\t\t\t\tEmpezar a personalizar - Obtener nuestro cat\u00e1logo\t\t\t\t<\/a>\n\t\t\t\t\t<\/div>\n        <\/div>\t\t\t\t<\/div>\n\t\t\t\t<\/div>\n\t\t\t\t<\/div>\n\t\t\t\t<\/div>\n\t\t\t\t<\/div>\n\t\t\t\t\t<\/div>\n\t\t\t\t<\/div>\n\t\t<div class=\"elementor-element elementor-element-0221048 e-flex e-con-boxed e-con e-parent\" data-id=\"0221048\" data-element_type=\"container\" data-settings=\"{&quot;ekit_has_onepagescroll_dot&quot;:&quot;yes&quot;}\">\n\t\t\t\t\t<div class=\"e-con-inner\">\n\t\t<div class=\"elementor-element elementor-element-6fb1d20 e-con-full e-flex e-con e-child\" data-id=\"6fb1d20\" data-element_type=\"container\" data-settings=\"{&quot;ekit_has_onepagescroll_dot&quot;:&quot;yes&quot;}\">\n\t\t\t\t<div class=\"elementor-element elementor-element-edc9696 elementor-widget elementor-widget-image\" data-id=\"edc9696\" data-element_type=\"widget\" data-settings=\"{&quot;ekit_we_effect_on&quot;:&quot;none&quot;}\" data-widget_type=\"image.default\">\n\t\t\t\t<div class=\"elementor-widget-container\">\n\t\t\t\t\t\t\t\t\t\t\t\t\t\t\t<img fetchpriority=\"high\" decoding=\"async\" width=\"700\" height=\"460\" src=\"https:\/\/wellfitsource.com\/wp-content\/uploads\/2025\/08\/Custom-Branded-Foam-Rollers-Recovery-Tools-OEM-Supply-1.png\" class=\"attachment-large size-large wp-image-9524\" alt=\"Custom branded foam rollers, massage balls, and fitness recovery tools for OEM yoga, fitness, and therapy product solutions\" srcset=\"https:\/\/wellfitsource.com\/wp-content\/uploads\/2025\/08\/Custom-Branded-Foam-Rollers-Recovery-Tools-OEM-Supply-1.png 700w, https:\/\/wellfitsource.com\/wp-content\/uploads\/2025\/08\/Custom-Branded-Foam-Rollers-Recovery-Tools-OEM-Supply-1-18x12.png 18w\" sizes=\"(max-width: 700px) 100vw, 700px\" \/>\t\t\t\t\t\t\t\t\t\t\t\t\t\t\t<\/div>\n\t\t\t\t<\/div>\n\t\t\t\t<div class=\"elementor-element elementor-element-1000101 elementor-widget elementor-widget-heading\" data-id=\"1000101\" data-element_type=\"widget\" data-settings=\"{&quot;ekit_we_effect_on&quot;:&quot;none&quot;}\" data-widget_type=\"heading.default\">\n\t\t\t\t<div class=\"elementor-widget-container\">\n\t\t\t\t\t<h2 class=\"elementor-heading-title elementor-size-default\">CASO 1<\/h2>\t\t\t\t<\/div>\n\t\t\t\t<\/div>\n\t\t\t\t<div class=\"elementor-element elementor-element-5d17a21 elementor-widget elementor-widget-heading\" data-id=\"5d17a21\" data-element_type=\"widget\" data-settings=\"{&quot;ekit_we_effect_on&quot;:&quot;none&quot;}\" data-widget_type=\"heading.default\">\n\t\t\t\t<div class=\"elementor-widget-container\">\n\t\t\t\t\t<h3 class=\"elementor-heading-title elementor-size-default\">How a Fitness Brand Launched a Scalable, Market-Ready Product Line<\/h3>\t\t\t\t<\/div>\n\t\t\t\t<\/div>\n\t\t\t\t<div class=\"elementor-element elementor-element-420f89f elementor-widget elementor-widget-text-editor\" data-id=\"420f89f\" data-element_type=\"widget\" data-settings=\"{&quot;ekit_we_effect_on&quot;:&quot;none&quot;}\" data-widget_type=\"text-editor.default\">\n\t\t\t\t<div class=\"elementor-widget-container\">\n\t\t\t\t\t\t\t\t\t<p>A growing wellness brand entering the European market, preparing to launch a scalable first collection.<\/p><p>\u2022 Which product categories showed real market demand?<\/p><p><br \/>\u2022 How to balance inventory control with growth readiness?<\/p><p><br \/>\u2022 Could a partner support both launch and long-term scaling?<\/p>\t\t\t\t\t\t\t\t<\/div>\n\t\t\t\t<\/div>\n\t\t\t\t<div class=\"elementor-element elementor-element-c8f5ab7 elementor-align-right elementor-widget elementor-widget-button\" data-id=\"c8f5ab7\" data-element_type=\"widget\" data-settings=\"{&quot;ekit_we_effect_on&quot;:&quot;none&quot;}\" data-widget_type=\"button.default\">\n\t\t\t\t<div class=\"elementor-widget-container\">\n\t\t\t\t\t\t\t\t\t<div class=\"elementor-button-wrapper\">\n\t\t\t\t\t<a class=\"elementor-button elementor-button-link elementor-size-sm\" href=\"https:\/\/wellfitsource.com\/es\/how-wellfitsource-supported-a-startup-wellness-brand-from-idea-to-shelf\/\">\n\t\t\t\t\t\t<span class=\"elementor-button-content-wrapper\">\n\t\t\t\t\t\t\t\t\t<span class=\"elementor-button-text\">Ver caso completo<\/span>\n\t\t\t\t\t<\/span>\n\t\t\t\t\t<\/a>\n\t\t\t\t<\/div>\n\t\t\t\t\t\t\t\t<\/div>\n\t\t\t\t<\/div>\n\t\t\t\t<\/div>\n\t\t<div class=\"elementor-element elementor-element-0d5ffc2 e-con-full e-flex e-con e-child\" data-id=\"0d5ffc2\" data-element_type=\"container\" data-settings=\"{&quot;ekit_has_onepagescroll_dot&quot;:&quot;yes&quot;}\">\n\t\t\t\t<div class=\"elementor-element elementor-element-e64511b elementor-widget elementor-widget-image\" data-id=\"e64511b\" data-element_type=\"widget\" data-settings=\"{&quot;ekit_we_effect_on&quot;:&quot;none&quot;}\" data-widget_type=\"image.default\">\n\t\t\t\t<div class=\"elementor-widget-container\">\n\t\t\t\t\t\t\t\t\t\t\t\t\t\t\t<img decoding=\"async\" width=\"700\" height=\"460\" src=\"https:\/\/wellfitsource.com\/wp-content\/uploads\/2025\/08\/Amazon-FBA-Fitness-Product-Order-Growth-2022\u20132025-1.png\" class=\"attachment-large size-large wp-image-9528\" alt=\"Amazon FBA Fitness Product Order Growth 2022\u20132025\" srcset=\"https:\/\/wellfitsource.com\/wp-content\/uploads\/2025\/08\/Amazon-FBA-Fitness-Product-Order-Growth-2022\u20132025-1.png 700w, https:\/\/wellfitsource.com\/wp-content\/uploads\/2025\/08\/Amazon-FBA-Fitness-Product-Order-Growth-2022\u20132025-1-18x12.png 18w\" sizes=\"(max-width: 700px) 100vw, 700px\" \/>\t\t\t\t\t\t\t\t\t\t\t\t\t\t\t<\/div>\n\t\t\t\t<\/div>\n\t\t\t\t<div class=\"elementor-element elementor-element-db2a377 elementor-widget elementor-widget-heading\" data-id=\"db2a377\" data-element_type=\"widget\" data-settings=\"{&quot;ekit_we_effect_on&quot;:&quot;none&quot;}\" data-widget_type=\"heading.default\">\n\t\t\t\t<div class=\"elementor-widget-container\">\n\t\t\t\t\t<h2 class=\"elementor-heading-title elementor-size-default\">CASO 2<\/h2>\t\t\t\t<\/div>\n\t\t\t\t<\/div>\n\t\t\t\t<div class=\"elementor-element elementor-element-eaca2d2 elementor-widget elementor-widget-heading\" data-id=\"eaca2d2\" data-element_type=\"widget\" data-settings=\"{&quot;ekit_we_effect_on&quot;:&quot;none&quot;}\" data-widget_type=\"heading.default\">\n\t\t\t\t<div class=\"elementor-widget-container\">\n\t\t\t\t\t<h3 class=\"elementor-heading-title elementor-size-default\">\u00bfC\u00f3mo un molde privado se convirti\u00f3 en un \u00e9xito de ventas en Amazon.de?<\/h3>\t\t\t\t<\/div>\n\t\t\t\t<\/div>\n\t\t\t\t<div class=\"elementor-element elementor-element-1a556d1 elementor-widget elementor-widget-text-editor\" data-id=\"1a556d1\" data-element_type=\"widget\" data-settings=\"{&quot;ekit_we_effect_on&quot;:&quot;none&quot;}\" data-widget_type=\"text-editor.default\">\n\t\t\t\t<div class=\"elementor-widget-container\">\n\t\t\t\t\t\t\t\t\t<ul data-start=\"252\" data-end=\"410\"><li data-start=\"252\" data-end=\"297\"><p data-start=\"254\" data-end=\"297\"><strong data-start=\"254\" data-end=\"272\">Tipo de negocio:<\/strong> Propietario de marca Amazon FBA<\/p><\/li><li data-start=\"334\" data-end=\"378\"><p data-start=\"336\" data-end=\"378\"><strong data-start=\"336\" data-end=\"348\">Producto:<\/strong> <a href=\"https:\/\/wellfitsource.com\/es\/private-molded-fitness-products-amazon-sellers\/\">Herramienta de fitness moldeada para uso privado<\/a><\/p><\/li><li data-start=\"379\" data-end=\"410\"><p data-start=\"381\" data-end=\"410\"><strong data-start=\"381\" data-end=\"403\">Asociaci\u00f3n desde:<\/strong> 2022<\/p><\/li><\/ul><blockquote data-start=\"412\" data-end=\"615\"><p data-start=\"414\" data-end=\"615\">\"Nuestro objetivo era crear un producto de fitness de alta gama con un aspecto \u00fanico y reconocible. Sin embargo, el control de costes, el plazo de entrega y las tasas de almacenamiento en el almac\u00e9n de Amazon siguieron siendo obst\u00e1culos clave durante el crecimiento.\"<\/p><\/blockquote>\t\t\t\t\t\t\t\t<\/div>\n\t\t\t\t<\/div>\n\t\t\t\t<div class=\"elementor-element elementor-element-46f5d88 elementor-align-right elementor-widget elementor-widget-button\" data-id=\"46f5d88\" data-element_type=\"widget\" data-settings=\"{&quot;ekit_we_effect_on&quot;:&quot;none&quot;}\" data-widget_type=\"button.default\">\n\t\t\t\t<div class=\"elementor-widget-container\">\n\t\t\t\t\t\t\t\t\t<div class=\"elementor-button-wrapper\">\n\t\t\t\t\t<a class=\"elementor-button elementor-button-link elementor-size-sm\" href=\"https:\/\/wellfitsource.com\/es\/private-mold-amazon-fitness-case-study\/\">\n\t\t\t\t\t\t<span class=\"elementor-button-content-wrapper\">\n\t\t\t\t\t\t\t\t\t<span class=\"elementor-button-text\">Ver caso completo<\/span>\n\t\t\t\t\t<\/span>\n\t\t\t\t\t<\/a>\n\t\t\t\t<\/div>\n\t\t\t\t\t\t\t\t<\/div>\n\t\t\t\t<\/div>\n\t\t\t\t<\/div>\n\t\t\t\t\t<\/div>\n\t\t\t\t<\/div>\n\t\t<div class=\"elementor-element elementor-element-5c175097 e-flex e-con-boxed e-con e-parent\" data-id=\"5c175097\" data-element_type=\"container\" data-settings=\"{&quot;background_background&quot;:&quot;classic&quot;,&quot;ekit_has_onepagescroll_dot&quot;:&quot;yes&quot;}\">\n\t\t\t\t\t<div class=\"e-con-inner\">\n\t\t<div class=\"elementor-element elementor-element-75fa8ef e-con-full e-flex e-con e-child\" data-id=\"75fa8ef\" data-element_type=\"container\" data-settings=\"{&quot;ekit_has_onepagescroll_dot&quot;:&quot;yes&quot;}\">\n\t\t\t\t<div class=\"elementor-element elementor-element-53952c1e elementor-widget elementor-widget-heading\" data-id=\"53952c1e\" data-element_type=\"widget\" data-settings=\"{&quot;ekit_we_effect_on&quot;:&quot;none&quot;}\" data-widget_type=\"heading.default\">\n\t\t\t\t<div class=\"elementor-widget-container\">\n\t\t\t\t\t<h2 class=\"elementor-heading-title elementor-size-default\">\u00bfQu\u00e9 dicen nuestros clientes de nosotros?<\/h2>\t\t\t\t<\/div>\n\t\t\t\t<\/div>\n\t\t\t\t<\/div>\n\t\t<div class=\"elementor-element elementor-element-4e0bff70 e-con-full e-flex e-con e-child\" data-id=\"4e0bff70\" data-element_type=\"container\" data-settings=\"{&quot;ekit_has_onepagescroll_dot&quot;:&quot;yes&quot;}\">\n\t\t<div class=\"elementor-element elementor-element-71fd3d80 e-con-full e-flex e-con e-child\" data-id=\"71fd3d80\" data-element_type=\"container\" data-settings=\"{&quot;ekit_has_onepagescroll_dot&quot;:&quot;yes&quot;}\">\n\t\t\t\t<div class=\"elementor-element elementor-element-77737e50 elementor-widget elementor-widget-image\" data-id=\"77737e50\" data-element_type=\"widget\" data-settings=\"{&quot;ekit_we_effect_on&quot;:&quot;none&quot;}\" data-widget_type=\"image.default\">\n\t\t\t\t<div class=\"elementor-widget-container\">\n\t\t\t\t\t\t\t\t\t\t\t\t\t\t\t<img decoding=\"async\" width=\"1170\" height=\"2532\" src=\"https:\/\/wellfitsource.com\/wp-content\/uploads\/2025\/03\/UK-customer.png\" class=\"attachment-large size-large wp-image-3884\" alt=\"Customer Order Confirmation \u2013 Wellfitsource Yoga Mat Payment\" srcset=\"https:\/\/wellfitsource.com\/wp-content\/uploads\/2025\/03\/UK-customer.png 1170w, https:\/\/wellfitsource.com\/wp-content\/uploads\/2025\/03\/UK-customer-710x1536.png 710w, https:\/\/wellfitsource.com\/wp-content\/uploads\/2025\/03\/UK-customer-946x2048.png 946w\" sizes=\"(max-width: 1170px) 100vw, 1170px\" \/>\t\t\t\t\t\t\t\t\t\t\t\t\t\t\t<\/div>\n\t\t\t\t<\/div>\n\t\t\t\t<\/div>\n\t\t<div class=\"elementor-element elementor-element-2480a77 e-con-full e-flex e-con e-child\" data-id=\"2480a77\" data-element_type=\"container\" data-settings=\"{&quot;ekit_has_onepagescroll_dot&quot;:&quot;yes&quot;}\">\n\t\t\t\t<div class=\"elementor-element elementor-element-72edce88 elementor-widget elementor-widget-image\" data-id=\"72edce88\" data-element_type=\"widget\" data-settings=\"{&quot;ekit_we_effect_on&quot;:&quot;none&quot;}\" data-widget_type=\"image.default\">\n\t\t\t\t<div class=\"elementor-widget-container\">\n\t\t\t\t\t\t\t\t\t\t\t\t\t\t\t<img loading=\"lazy\" decoding=\"async\" width=\"1170\" height=\"2532\" src=\"https:\/\/wellfitsource.com\/wp-content\/uploads\/2025\/03\/Austrilian-customer.png\" class=\"attachment-large size-large wp-image-3886\" alt=\"Tracking &amp; Delivery Update \u2013 Wellfitsource Yoga Mats\" srcset=\"https:\/\/wellfitsource.com\/wp-content\/uploads\/2025\/03\/Austrilian-customer.png 1170w, https:\/\/wellfitsource.com\/wp-content\/uploads\/2025\/03\/Austrilian-customer-710x1536.png 710w, https:\/\/wellfitsource.com\/wp-content\/uploads\/2025\/03\/Austrilian-customer-946x2048.png 946w\" sizes=\"(max-width: 1170px) 100vw, 1170px\" \/>\t\t\t\t\t\t\t\t\t\t\t\t\t\t\t<\/div>\n\t\t\t\t<\/div>\n\t\t\t\t<\/div>\n\t\t<div class=\"elementor-element elementor-element-4a0f5e53 e-con-full e-flex e-con e-child\" data-id=\"4a0f5e53\" data-element_type=\"container\" data-settings=\"{&quot;ekit_has_onepagescroll_dot&quot;:&quot;yes&quot;}\">\n\t\t\t\t<div class=\"elementor-element elementor-element-662697b0 elementor-widget elementor-widget-image\" data-id=\"662697b0\" data-element_type=\"widget\" data-settings=\"{&quot;ekit_we_effect_on&quot;:&quot;none&quot;}\" data-widget_type=\"image.default\">\n\t\t\t\t<div class=\"elementor-widget-container\">\n\t\t\t\t\t\t\t\t\t\t\t\t\t\t\t<img loading=\"lazy\" decoding=\"async\" width=\"1170\" height=\"2532\" src=\"https:\/\/wellfitsource.com\/wp-content\/uploads\/2025\/03\/US-cusomer-1.png\" class=\"attachment-large size-large wp-image-3891\" alt=\"Customer Feedback &amp; Appreciation\" srcset=\"https:\/\/wellfitsource.com\/wp-content\/uploads\/2025\/03\/US-cusomer-1.png 1170w, https:\/\/wellfitsource.com\/wp-content\/uploads\/2025\/03\/US-cusomer-1-710x1536.png 710w, https:\/\/wellfitsource.com\/wp-content\/uploads\/2025\/03\/US-cusomer-1-946x2048.png 946w\" sizes=\"(max-width: 1170px) 100vw, 1170px\" \/>\t\t\t\t\t\t\t\t\t\t\t\t\t\t\t<\/div>\n\t\t\t\t<\/div>\n\t\t\t\t<\/div>\n\t\t\t\t<\/div>\n\t\t\t\t\t<\/div>\n\t\t\t\t<\/div>\n\t\t\t\t<\/div>","protected":false},"excerpt":{"rendered":"<p>Your Success is Our Story: Proven Partnerships That Deliver At Wellfitsource, every partnership starts with understanding your vision \u2014 whether you\u2019re launching a new brand, expanding your product line, or testing the market with low-risk MOQ orders. From yoga, fitness, recovery, and therapy essentials, we deliver one-stop OEM\/ODM solutions that bring your ideas to life. [&hellip;]<\/p>","protected":false},"author":4,"featured_media":0,"parent":0,"menu_order":0,"comment_status":"closed","ping_status":"closed","template":"","meta":{"_seopress_robots_primary_cat":"","_seopress_titles_title":"Case Studies | Custom Fitness & FBA Product Solutions","_seopress_titles_desc":"See how brands launch top-selling fitness tools with our OEM, FBA-ready, and low-MOQ solutions. Proven success cases for B2B buyers.","_seopress_robots_index":"","footnotes":""},"class_list":["post-9298","page","type-page","status-publish","hentry"],"_links":{"self":[{"href":"https:\/\/wellfitsource.com\/es\/wp-json\/wp\/v2\/pages\/9298","targetHints":{"allow":["GET"]}}],"collection":[{"href":"https:\/\/wellfitsource.com\/es\/wp-json\/wp\/v2\/pages"}],"about":[{"href":"https:\/\/wellfitsource.com\/es\/wp-json\/wp\/v2\/types\/page"}],"author":[{"embeddable":true,"href":"https:\/\/wellfitsource.com\/es\/wp-json\/wp\/v2\/users\/4"}],"replies":[{"embeddable":true,"href":"https:\/\/wellfitsource.com\/es\/wp-json\/wp\/v2\/comments?post=9298"}],"version-history":[{"count":146,"href":"https:\/\/wellfitsource.com\/es\/wp-json\/wp\/v2\/pages\/9298\/revisions"}],"predecessor-version":[{"id":14902,"href":"https:\/\/wellfitsource.com\/es\/wp-json\/wp\/v2\/pages\/9298\/revisions\/14902"}],"wp:attachment":[{"href":"https:\/\/wellfitsource.com\/es\/wp-json\/wp\/v2\/media?parent=9298"}],"curies":[{"name":"wp","href":"https:\/\/api.w.org\/{rel}","templated":true}]}}