{"id":9578,"date":"2025-08-11T22:33:04","date_gmt":"2025-08-11T14:33:04","guid":{"rendered":"https:\/\/wellfitsource.com\/?page_id=9578"},"modified":"2025-08-30T14:16:30","modified_gmt":"2025-08-30T06:16:30","slug":"private-mold-amazon-fitness-case-study","status":"publish","type":"page","link":"https:\/\/wellfitsource.com\/de\/private-mold-amazon-fitness-case-study\/","title":{"rendered":"Private-mold-amazon-fitness-case-study"},"content":{"rendered":"<div data-elementor-type=\"wp-page\" data-elementor-id=\"9578\" class=\"elementor elementor-9578\" data-elementor-post-type=\"page\">\n\t\t\t\t<div class=\"elementor-element elementor-element-3090d330 e-flex e-con-boxed e-con e-parent\" data-id=\"3090d330\" data-element_type=\"container\" data-settings=\"{&quot;background_background&quot;:&quot;classic&quot;,&quot;ekit_has_onepagescroll_dot&quot;:&quot;yes&quot;}\">\n\t\t\t\t\t<div class=\"e-con-inner\">\n\t\t<div class=\"elementor-element elementor-element-1dd5a254 e-con-full e-flex e-con e-child\" data-id=\"1dd5a254\" data-element_type=\"container\" data-settings=\"{&quot;ekit_has_onepagescroll_dot&quot;:&quot;yes&quot;}\">\n\t\t\t\t<div class=\"elementor-element elementor-element-d672fc5 elementor-widget elementor-widget-heading\" data-id=\"d672fc5\" data-element_type=\"widget\" data-settings=\"{&quot;ekit_we_effect_on&quot;:&quot;none&quot;}\" data-widget_type=\"heading.default\">\n\t\t\t\t<div class=\"elementor-widget-container\">\n\t\t\t\t\t<h2 class=\"elementor-heading-title elementor-size-default\">Fallstudie 2\n\n<\/h2>\t\t\t\t<\/div>\n\t\t\t\t<\/div>\n\t\t\t\t<div class=\"elementor-element elementor-element-18017fe7 elementor-widget elementor-widget-heading\" data-id=\"18017fe7\" data-element_type=\"widget\" data-settings=\"{&quot;ekit_we_effect_on&quot;:&quot;none&quot;}\" data-widget_type=\"heading.default\">\n\t\t\t\t<div class=\"elementor-widget-container\">\n\t\t\t\t\t<h2 class=\"elementor-heading-title elementor-size-default\">Wie aus einer privaten Form ein Topseller auf Amazon.de wurde?<\/h2>\t\t\t\t<\/div>\n\t\t\t\t<\/div>\n\t\t\t\t<\/div>\n\t\t<div class=\"elementor-element elementor-element-263cd88a e-con-full e-flex e-con e-child\" data-id=\"263cd88a\" data-element_type=\"container\" data-settings=\"{&quot;ekit_has_onepagescroll_dot&quot;:&quot;yes&quot;}\">\n\t\t\t\t<\/div>\n\t\t\t\t\t<\/div>\n\t\t\t\t<\/div>\n\t\t<div class=\"elementor-element elementor-element-9624151 e-flex e-con-boxed e-con e-parent\" data-id=\"9624151\" data-element_type=\"container\" data-settings=\"{&quot;ekit_has_onepagescroll_dot&quot;:&quot;yes&quot;}\">\n\t\t\t\t\t<div class=\"e-con-inner\">\n\t\t\t\t<div class=\"elementor-element elementor-element-b198039 elementor-widget elementor-widget-heading\" data-id=\"b198039\" data-element_type=\"widget\" data-settings=\"{&quot;ekit_we_effect_on&quot;:&quot;none&quot;}\" data-widget_type=\"heading.default\">\n\t\t\t\t<div class=\"elementor-widget-container\">\n\t\t\t\t\t<h2 class=\"elementor-heading-title elementor-size-default\">Fallstudie 2: Wie aus einer privaten Form ein Topseller auf Amazon.de wurde?<\/h2>\t\t\t\t<\/div>\n\t\t\t\t<\/div>\n\t\t\t\t<div class=\"elementor-element elementor-element-6b68657 elementor-widget elementor-widget-text-editor\" data-id=\"6b68657\" data-element_type=\"widget\" data-settings=\"{&quot;ekit_we_effect_on&quot;:&quot;none&quot;}\" data-widget_type=\"text-editor.default\">\n\t\t\t\t<div class=\"elementor-widget-container\">\n\t\t\t\t\t\t\t\t\t<ul><li><strong>Gesch\u00e4ftstyp: Amazon FBA Markeninhaber<\/strong><\/li><li><strong>Produkt: Private-Molded Fitness Tool<\/strong><\/li><li><strong>Partnerschaft seit: 2022<\/strong><\/li><\/ul><p>\u00a0<\/p><p>\"Wir wollten ein hochwertiges Fitnessprodukt mit einem einzigartigen, wiedererkennbaren Look schaffen. Kostenkontrolle, Vorlaufzeit und Lagergeb\u00fchren bei Amazon waren jedoch die gr\u00f6\u00dften Hindernisse w\u00e4hrend des Wachstums.\"<\/p><p data-start=\"690\" data-end=\"708\">Unser Kunde brauchte:<\/p><ul data-start=\"709\" data-end=\"877\"><li data-start=\"709\" data-end=\"757\"><p data-start=\"711\" data-end=\"757\">Ein individuell gestaltetes, privat geformtes Fitnessger\u00e4t<\/p><\/li><li data-start=\"758\" data-end=\"820\"><p data-start=\"760\" data-end=\"820\">Wettbewerbsf\u00e4hige Kostenoptimierung \u00fcber den gesamten Produktlebenszyklus<\/p><\/li><li data-start=\"821\" data-end=\"877\"><p data-start=\"823\" data-end=\"877\">Flexibles Lagerhandling zur Reduzierung des FBA-Lagerstresses<\/p><\/li><\/ul><hr data-start=\"879\" data-end=\"882\" \/><h3 data-start=\"884\" data-end=\"912\">Unsere ma\u00dfgeschneiderte L\u00f6sung<\/h3><h4 data-start=\"914\" data-end=\"984\">1. <strong data-start=\"924\" data-end=\"982\">Exklusive Schimmelpilzentwicklung - Fertigstellung in nur 25 Tagen<\/strong><\/h4><p data-start=\"985\" data-end=\"1252\">Wir haben ihr Konzept erfolgreich mit einer vollst\u00e4ndigen privaten Form zum Leben erweckt, die in nur <strong data-start=\"1075\" data-end=\"1086\">25 Tage<\/strong>. Das Produkt wurde schnell ein <strong data-start=\"1117\" data-end=\"1137\">Top 3 Bestseller<\/strong> in seiner Kategorie auf Amazon Deutschland innerhalb von drei Monaten nach Markteinf\u00fchrung - und das alles dank des einzigartigen Designs und der schnellen Markteinf\u00fchrung.<\/p><h4 data-start=\"1254\" data-end=\"1308\">2. <strong data-start=\"1264\" data-end=\"1306\">Nachhaltige Kostenoptimierung durch Skalierung<\/strong><\/h4><p data-start=\"1309\" data-end=\"1400\">Im Laufe der Jahre haben wir diesem Kunden zu einem Wachstum verholfen - nicht nur in der Menge, sondern auch in der Rentabilit\u00e4t.<\/p><p data-start=\"1402\" data-end=\"1442\"><strong data-start=\"1405\" data-end=\"1442\">Versandvolumen und Kosteneffizienz<\/strong><\/p><div class=\"_tableContainer_1rjym_1\"><div class=\"_tableWrapper_1rjym_13 group flex w-fit flex-col-reverse\" tabindex=\"-1\"><table class=\"w-fit min-w-(--thread-content-width)\" data-start=\"1444\" data-end=\"1789\"><thead data-start=\"1444\" data-end=\"1499\"><tr data-start=\"1444\" data-end=\"1499\"><th data-start=\"1444\" data-end=\"1451\" data-col-size=\"sm\">Jahr<\/th><th data-start=\"1451\" data-end=\"1473\" data-col-size=\"sm\">Versendete Einheiten insgesamt<\/th><th data-start=\"1473\" data-end=\"1499\" data-col-size=\"sm\">Ungef\u00e4hre Kostenreduzierung<\/th><\/tr><\/thead><tbody data-start=\"1558\" data-end=\"1789\"><tr data-start=\"1558\" data-end=\"1615\"><td data-start=\"1558\" data-end=\"1565\" data-col-size=\"sm\">2022<\/td><td data-start=\"1565\" data-end=\"1588\" data-col-size=\"sm\">880 Einheiten<\/td><td data-start=\"1588\" data-end=\"1615\" data-col-size=\"sm\">&#8211;<\/td><\/tr><tr data-start=\"1616\" data-end=\"1673\"><td data-start=\"1616\" data-end=\"1623\" data-col-size=\"sm\">2023<\/td><td data-start=\"1623\" data-end=\"1646\" data-col-size=\"sm\">19.020 Einheiten<\/td><td data-start=\"1646\" data-end=\"1673\" data-col-size=\"sm\">~10-12% Einsparungen<\/td><\/tr><tr data-start=\"1674\" data-end=\"1731\"><td data-start=\"1674\" data-end=\"1681\" data-col-size=\"sm\">2024<\/td><td data-start=\"1681\" data-end=\"1704\" data-col-size=\"sm\">22.200 Einheiten<\/td><td data-start=\"1704\" data-end=\"1731\" data-col-size=\"sm\">~8% zus\u00e4tzliche Einsparungen<\/td><\/tr><tr data-start=\"1732\" data-end=\"1789\"><td data-start=\"1732\" data-end=\"1739\" data-col-size=\"sm\">2025<\/td><td data-start=\"1739\" data-end=\"1762\" data-col-size=\"sm\">35.000 Einheiten (gesch\u00e4tzt)<\/td><td data-start=\"1762\" data-end=\"1789\" data-col-size=\"sm\">Kosteneffizienz laufend<\/td><\/tr><\/tbody><\/table><div class=\"sticky end-(--thread-content-margin) h-0 self-end select-none\"><div class=\"absolute end-0 flex items-end\">\u00a0<\/div><\/div><\/div><\/div><blockquote data-start=\"1791\" data-end=\"1920\"><p data-start=\"1793\" data-end=\"1920\">\ud83c\udfaf \u00dcber <strong data-start=\"1801\" data-end=\"1826\">20% Kosteneinsparungen pro Einheit<\/strong> durch technische Verbesserungen, Produktionsskalierung und Rohstoffvorausplanung erreicht werden.<\/p><\/blockquote><h4 data-start=\"1922\" data-end=\"1971\"><strong data-start=\"1932\" data-end=\"1969\">3-monatiger kostenloser Buffer Stock Service<\/strong><\/h4><p data-start=\"1972\" data-end=\"2224\">Um den Druck der FBA-Lagergrenzen und -Geb\u00fchren zu verringern, haben wir ein <strong data-start=\"2038\" data-end=\"2068\">90 Tage kostenlose Lagerhaltung<\/strong>und erm\u00f6glicht es <strong data-start=\"2083\" data-end=\"2103\">Teillieferungen<\/strong>. Dieser flexible Ansatz <strong data-start=\"2128\" data-end=\"2186\">dem Kunden Tausende von Dollar an Lagerkosten erspart<\/strong> bei gleichzeitiger Gew\u00e4hrleistung eines stabilen Bestandsflusses.<\/p><h4 data-start=\"2226\" data-end=\"2292\">4. <strong data-start=\"2236\" data-end=\"2290\">Amazon-optimierte Fotografie-Unterst\u00fctzung zu niedrigeren Kosten<\/strong><\/h4><p data-start=\"2293\" data-end=\"2567\">Um die Konversionsraten zu erh\u00f6hen, halfen wir dem Kunden auch bei der Erstellung von <strong data-start=\"2361\" data-end=\"2405\">professionelle Amazon-Produktbilder<\/strong> - einschlie\u00dflich Lifestyle-, Hauptbild- und Feature-Aufnahmen. Unser <strong data-start=\"2464\" data-end=\"2491\">interne visuelle Unterst\u00fctzung<\/strong> angeboten <strong data-start=\"2500\" data-end=\"2521\">40%+ Kosteneinsparungen<\/strong> im Vergleich zu Amazon-Fotostudios von Drittanbietern.<\/p><hr data-start=\"2569\" data-end=\"2572\" \/><h3 data-start=\"2574\" data-end=\"2600\">Entscheidende Ergebnisse<\/h3><div class=\"_tableContainer_1rjym_1\"><div class=\"_tableWrapper_1rjym_13 group flex w-fit flex-col-reverse\" tabindex=\"-1\"><table class=\"w-fit min-w-(--thread-content-width)\" data-start=\"2602\" data-end=\"3138\"><thead data-start=\"2602\" data-end=\"2677\"><tr data-start=\"2602\" data-end=\"2677\"><th data-start=\"2602\" data-end=\"2634\" data-col-size=\"sm\">Meilenstein<\/th><th data-start=\"2634\" data-end=\"2677\" data-col-size=\"sm\">Kundenvorteil<\/th><\/tr><\/thead><tbody data-start=\"2754\" data-end=\"3138\"><tr data-start=\"2754\" data-end=\"2830\"><td data-start=\"2754\" data-end=\"2786\" data-col-size=\"sm\">Amazon Bestseller Ranking<\/td><td data-start=\"2786\" data-end=\"2830\" data-col-size=\"sm\">St\u00e4rkere Sichtbarkeit und schnellere Verk\u00e4ufe<\/td><\/tr><tr data-start=\"2831\" data-end=\"2907\"><td data-start=\"2831\" data-end=\"2863\" data-col-size=\"sm\">20%+ Kostenreduzierung<\/td><td data-start=\"2863\" data-end=\"2907\" data-col-size=\"sm\">H\u00f6herer Gewinn pro Einheit<\/td><\/tr><tr data-start=\"2908\" data-end=\"2984\"><td data-start=\"2908\" data-end=\"2940\" data-col-size=\"sm\">40-fache Steigerung der Jahresproduktion<\/td><td data-start=\"2940\" data-end=\"2984\" data-col-size=\"sm\">Skalierter Erfolg mit zuverl\u00e4ssiger Versorgung<\/td><\/tr><tr data-start=\"2985\" data-end=\"3061\"><td data-start=\"2985\" data-end=\"3017\" data-col-size=\"sm\">3-Monats-Bestandspuffer<\/td><td data-start=\"3017\" data-end=\"3061\" data-col-size=\"sm\">Weniger FBA-Druck, mehr Cashflow<\/td><\/tr><tr data-start=\"3062\" data-end=\"3138\"><td data-start=\"3062\" data-end=\"3094\" data-col-size=\"sm\">Produktbilder auf Profi-Niveau<\/td><td data-start=\"3094\" data-end=\"3138\" data-col-size=\"sm\">Bessere Klickrate und Markenidentit\u00e4t<\/td><\/tr><\/tbody><\/table><div class=\"sticky end-(--thread-content-margin) h-0 self-end select-none\"><div class=\"absolute end-0 flex items-end\">\u00a0<\/div><\/div><\/div><\/div><hr data-start=\"3140\" data-end=\"3143\" \/><h3 data-start=\"3145\" data-end=\"3183\">Warum vertrauen Kunden Wellfitsource?<\/h3><div class=\"_tableContainer_1rjym_1\"><div class=\"_tableWrapper_1rjym_13 group flex w-fit flex-col-reverse\" tabindex=\"-1\"><table class=\"w-fit min-w-(--thread-content-width)\" data-start=\"3185\" data-end=\"3717\"><thead data-start=\"3185\" data-end=\"3261\"><tr data-start=\"3185\" data-end=\"3261\"><th data-start=\"3185\" data-end=\"3216\" data-col-size=\"sm\">Was wir am besten k\u00f6nnen<\/th><th data-start=\"3216\" data-end=\"3261\" data-col-size=\"sm\">Warum es f\u00fcr Sie funktioniert<\/th><\/tr><\/thead><tbody data-start=\"3338\" data-end=\"3717\"><tr data-start=\"3338\" data-end=\"3413\"><td data-start=\"3338\" data-end=\"3368\" data-col-size=\"sm\">Schneller kundenspezifischer Formenbau<\/td><td data-start=\"3368\" data-end=\"3413\" data-col-size=\"sm\">Schlagen Sie Ihre Konkurrenz auf dem Markt<\/td><\/tr><tr data-start=\"3414\" data-end=\"3489\"><td data-start=\"3414\" data-end=\"3444\" data-col-size=\"sm\">Transparentes Kostenmanagement<\/td><td data-start=\"3444\" data-end=\"3489\" data-col-size=\"sm\">Langfristige Planung mit Sicherheit<\/td><\/tr><tr data-start=\"3490\" data-end=\"3565\"><td data-start=\"3490\" data-end=\"3520\" data-col-size=\"sm\">Flexible Lieferoptionen<\/td><td data-start=\"3520\" data-end=\"3565\" data-col-size=\"sm\">Agilit\u00e4t in der Logistik und Bargeldkontrolle<\/td><\/tr><tr data-start=\"3566\" data-end=\"3641\"><td data-start=\"3566\" data-end=\"3596\" data-col-size=\"sm\">Unterst\u00fctzung von Bildinhalten<\/td><td data-start=\"3596\" data-end=\"3641\" data-col-size=\"sm\">Steigern Sie Ihre Angebote ohne zus\u00e4tzlichen Aufwand<\/td><\/tr><tr data-start=\"3642\" data-end=\"3717\"><td data-start=\"3642\" data-end=\"3672\" data-col-size=\"sm\">Erfahrung mit FBA-Marken<\/td><td data-start=\"3672\" data-end=\"3717\" data-col-size=\"sm\">Wir verstehen, was Amazon-Verk\u00e4ufer brauchen<\/td><\/tr><\/tbody><\/table><div class=\"sticky end-(--thread-content-margin) h-0 self-end select-none\"><div class=\"absolute end-0 flex items-end\">\u00a0<\/div><\/div><\/div><\/div><hr data-start=\"3719\" data-end=\"3722\" \/><h2 data-start=\"3724\" data-end=\"3769\">Sind Sie bereit, Ihr Amazon-Hit-Produkt zu erstellen?<\/h2><p data-start=\"3771\" data-end=\"3910\">Ganz gleich, ob Sie eine neue Idee lancieren oder einen bew\u00e4hrten Erfolg skalieren wollen, <strong data-start=\"3835\" data-end=\"3909\">Wellfitsource ist Ihr zuverl\u00e4ssiger Produkt- und Lieferkettenpartner<\/strong>.<\/p><p data-start=\"3912\" data-end=\"4010\">Lassen Sie uns Ihre Vision in eine skalierbare, profitable Marke verwandeln - mit Schnelligkeit, Pr\u00e4zision und Flexibilit\u00e4t.<\/p>\t\t\t\t\t\t\t\t<\/div>\n\t\t\t\t<\/div>\n\t\t\t\t\t<\/div>\n\t\t\t\t<\/div>\n\t\t<div class=\"elementor-element elementor-element-112291e3 e-flex e-con-boxed e-con e-parent\" data-id=\"112291e3\" data-element_type=\"container\" data-settings=\"{&quot;background_background&quot;:&quot;classic&quot;,&quot;ekit_has_onepagescroll_dot&quot;:&quot;yes&quot;}\">\n\t\t\t\t\t<div class=\"e-con-inner\">\n\t\t<div class=\"elementor-element elementor-element-5ac221d3 e-con-full e-flex e-con e-child\" data-id=\"5ac221d3\" data-element_type=\"container\" data-settings=\"{&quot;ekit_has_onepagescroll_dot&quot;:&quot;yes&quot;}\">\n\t\t\t\t<div class=\"elementor-element elementor-element-5e544a09 elementor-widget elementor-widget-text-editor\" data-id=\"5e544a09\" data-element_type=\"widget\" data-settings=\"{&quot;ekit_we_effect_on&quot;:&quot;none&quot;}\" data-widget_type=\"text-editor.default\">\n\t\t\t\t<div class=\"elementor-widget-container\">\n\t\t\t\t\t\t\t\t\t<p><strong>Wenn Sie Fragen zu dieser Fallstudie haben oder das Gleiche tun wollen, nehmen Sie bitte Kontakt mit uns auf.<\/strong><\/p>\t\t\t\t\t\t\t\t<\/div>\n\t\t\t\t<\/div>\n\t\t\t\t<\/div>\n\t\t<div class=\"elementor-element elementor-element-2c8a9890 e-con-full e-flex e-con e-child\" data-id=\"2c8a9890\" data-element_type=\"container\" data-settings=\"{&quot;ekit_has_onepagescroll_dot&quot;:&quot;yes&quot;}\">\n\t\t\t\t<div class=\"elementor-element elementor-element-59609189 elementor-align-center elementor-widget elementor-widget-button\" data-id=\"59609189\" data-element_type=\"widget\" data-settings=\"{&quot;ekit_we_effect_on&quot;:&quot;none&quot;}\" data-widget_type=\"button.default\">\n\t\t\t\t<div class=\"elementor-widget-container\">\n\t\t\t\t\t\t\t\t\t<div class=\"elementor-button-wrapper\">\n\t\t\t\t\t<a class=\"elementor-button elementor-button-link elementor-size-sm\" href=\"#elementor-action%3Aaction%3Dpopup%3Aopen%26settings%3DeyJpZCI6IjM1MyIsInRvZ2dsZSI6ZmFsc2V9\">\n\t\t\t\t\t\t<span class=\"elementor-button-content-wrapper\">\n\t\t\t\t\t\t\t\t\t<span class=\"elementor-button-text\">Jetzt Kontakt aufnehmen<\/span>\n\t\t\t\t\t<\/span>\n\t\t\t\t\t<\/a>\n\t\t\t\t<\/div>\n\t\t\t\t\t\t\t\t<\/div>\n\t\t\t\t<\/div>\n\t\t\t\t<\/div>\n\t\t\t\t\t<\/div>\n\t\t\t\t<\/div>\n\t\t\t\t<\/div>","protected":false},"excerpt":{"rendered":"<p>Case Study 2 How a Private Mold Turned into a Top Seller on Amazon.de? Case 2 Study:How a Private Mold Turned into a Top Seller on Amazon.de? Business Type: Amazon FBA Brand Owner Product: Private-Molded Fitness Tool Partnership Since: 2022 \u00a0 \u201cWe aimed to create a high-ranking fitness product with a unique, recognizable look. However, [&hellip;]<\/p>","protected":false},"author":4,"featured_media":0,"parent":0,"menu_order":0,"comment_status":"closed","ping_status":"closed","template":"","meta":{"_seopress_robots_primary_cat":"","_seopress_titles_title":"Private Mold Fitness Product Case | Amazon.de Bestseller Growth Story","_seopress_titles_desc":"Discover how a custom fitness mold scaled from 880 to 35,000 units on Amazon.de. Learn how Wellfitsource helps Amazon FBA brands reduce cost, lead time & boost listing sales.","_seopress_robots_index":"","footnotes":""},"class_list":["post-9578","page","type-page","status-publish","hentry"],"_links":{"self":[{"href":"https:\/\/wellfitsource.com\/de\/wp-json\/wp\/v2\/pages\/9578","targetHints":{"allow":["GET"]}}],"collection":[{"href":"https:\/\/wellfitsource.com\/de\/wp-json\/wp\/v2\/pages"}],"about":[{"href":"https:\/\/wellfitsource.com\/de\/wp-json\/wp\/v2\/types\/page"}],"author":[{"embeddable":true,"href":"https:\/\/wellfitsource.com\/de\/wp-json\/wp\/v2\/users\/4"}],"replies":[{"embeddable":true,"href":"https:\/\/wellfitsource.com\/de\/wp-json\/wp\/v2\/comments?post=9578"}],"version-history":[{"count":37,"href":"https:\/\/wellfitsource.com\/de\/wp-json\/wp\/v2\/pages\/9578\/revisions"}],"predecessor-version":[{"id":9629,"href":"https:\/\/wellfitsource.com\/de\/wp-json\/wp\/v2\/pages\/9578\/revisions\/9629"}],"wp:attachment":[{"href":"https:\/\/wellfitsource.com\/de\/wp-json\/wp\/v2\/media?parent=9578"}],"curies":[{"name":"wp","href":"https:\/\/api.w.org\/{rel}","templated":true}]}}