{"id":1866,"date":"2024-11-12T23:32:07","date_gmt":"2024-11-12T15:32:07","guid":{"rendered":"https:\/\/wellfitsource.com\/?page_id=1866"},"modified":"2025-08-30T14:36:48","modified_gmt":"2025-08-30T06:36:48","slug":"terms-of-use","status":"publish","type":"page","link":"https:\/\/wellfitsource.com\/de\/terms-of-use\/","title":{"rendered":"Nutzungsbedingungen"},"content":{"rendered":"<div data-elementor-type=\"wp-page\" data-elementor-id=\"1866\" class=\"elementor elementor-1866\" data-elementor-post-type=\"page\">\n\t\t\t\t<div class=\"elementor-element elementor-element-7a3df9fc e-flex e-con-boxed e-con e-parent\" data-id=\"7a3df9fc\" data-element_type=\"container\" data-settings=\"{&quot;background_background&quot;:&quot;classic&quot;,&quot;ekit_has_onepagescroll_dot&quot;:&quot;yes&quot;}\">\n\t\t\t\t\t<div class=\"e-con-inner\">\n\t\t<div class=\"elementor-element elementor-element-4755c71d e-con-full e-flex e-con e-child\" data-id=\"4755c71d\" data-element_type=\"container\" data-settings=\"{&quot;background_background&quot;:&quot;classic&quot;,&quot;ekit_has_onepagescroll_dot&quot;:&quot;yes&quot;}\">\n\t\t\t\t<div class=\"elementor-element elementor-element-3d339389 elementor-widget elementor-widget-heading\" data-id=\"3d339389\" data-element_type=\"widget\" data-settings=\"{&quot;ekit_we_effect_on&quot;:&quot;none&quot;}\" data-widget_type=\"heading.default\">\n\t\t\t\t<div class=\"elementor-widget-container\">\n\t\t\t\t\t<h2 class=\"elementor-heading-title elementor-size-default\">Nutzungsbedingungen<\/h2>\t\t\t\t<\/div>\n\t\t\t\t<\/div>\n\t\t\t\t<div class=\"elementor-element elementor-element-2ce2d824 elementor-widget elementor-widget-text-editor\" data-id=\"2ce2d824\" data-element_type=\"widget\" data-settings=\"{&quot;ekit_we_effect_on&quot;:&quot;none&quot;}\" data-widget_type=\"text-editor.default\">\n\t\t\t\t<div class=\"elementor-widget-container\">\n\t\t\t\t\t\t\t\t\t<p data-start=\"0\" data-end=\"31\"><strong data-start=\"0\" data-end=\"29\">Willkommen bei Wellfitsource!<\/strong><\/p><p data-start=\"33\" data-end=\"351\">Diese Nutzungsbedingungen (\"Bedingungen\") regeln Ihre Nutzung der Website unter <a href=\"https:\/\/wellfitsource.com\/de\/\" target=\"_new\" rel=\"noopener\" data-start=\"104\" data-end=\"150\">wellfitsource.com<\/a> (die \"Website\") und die von Wellfitsource (\"wir\", \"uns\" oder \"unser\") angebotenen Dienstleistungen. Durch den Zugriff auf die Website oder deren Nutzung erkl\u00e4ren Sie sich mit der Einhaltung dieser Bedingungen einverstanden. Wenn Sie damit nicht einverstanden sind, nutzen Sie die Website bitte nicht.<\/p><h3 data-start=\"353\" data-end=\"381\">1. Akzeptanz der Bedingungen<\/h3><p data-start=\"382\" data-end=\"615\">Indem Sie auf unsere Website zugreifen und sie nutzen, akzeptieren Sie diese Bedingungen und erkl\u00e4ren sich mit ihnen einverstanden. Wenn Sie die Website im Namen eines Unternehmens nutzen, erkl\u00e4ren und garantieren Sie, dass Sie befugt sind, diesen Bedingungen im Namen des Unternehmens zuzustimmen.<\/p><h3 data-start=\"617\" data-end=\"648\">2. \u00c4nderungen der Bedingungen<\/h3><p data-start=\"649\" data-end=\"915\">Wellfitsource beh\u00e4lt sich das Recht vor, diese Bedingungen jederzeit zu \u00e4ndern. Alle \u00c4nderungen werden auf dieser Seite ver\u00f6ffentlicht, und das Datum am oberen Rand gibt die neueste Version wieder. Durch die fortgesetzte Nutzung der Website nach einer \u00c4nderung erkl\u00e4ren Sie sich mit den neuen Bedingungen einverstanden.<\/p><h3 data-start=\"917\" data-end=\"941\">3. Nutzung der Website<\/h3><p data-start=\"942\" data-end=\"1196\">Sie verpflichten sich, die Website nur zu rechtm\u00e4\u00dfigen Zwecken und in einer Weise zu nutzen, die die Rechte anderer nicht verletzt oder deren Nutzung einschr\u00e4nkt oder behindert. Jede unbefugte Nutzung der Website kann zur Aussetzung oder Beendigung Ihres Zugangs f\u00fchren.<\/p><h3 data-start=\"1198\" data-end=\"1231\">4. Verantwortlichkeiten f\u00fcr das Konto<\/h3><p data-start=\"1232\" data-end=\"1522\">Wenn Sie ein Konto auf unserer Website erstellen, sind Sie f\u00fcr die Geheimhaltung Ihrer Anmeldedaten verantwortlich. Sie verpflichten sich, genaue und vollst\u00e4ndige Angaben zu machen und diese bei Bedarf zu aktualisieren. Wellfitsource haftet nicht f\u00fcr unbefugten Zugriff oder Aktivit\u00e4ten auf Ihrem Konto.<\/p><h3 data-start=\"1524\" data-end=\"1554\">5. Geistiges Eigentum<\/h3><p data-start=\"1555\" data-end=\"1828\">Alle Inhalte, Merkmale und Funktionen der Website, einschlie\u00dflich Text, Bilder, Logos, Grafiken und Software, sind Eigentum von Wellfitsource oder wurden an Wellfitsource lizenziert und sind durch die geltenden Gesetze zum Schutz des geistigen Eigentums gesch\u00fctzt. Die unbefugte Nutzung von Inhalten der Website ist strengstens untersagt.<\/p><h3 data-start=\"1830\" data-end=\"1861\">6. Benutzergenerierte Inhalte<\/h3><p data-start=\"1862\" data-end=\"2172\">Wenn Sie Inhalte an die Website \u00fcbermitteln, einschlie\u00dflich Kommentaren, Rezensionen oder anderen nutzergenerierten Inhalten, gew\u00e4hren Sie Wellfitsource eine nicht-exklusive, weltweite Lizenz zur Nutzung, Anzeige und Verbreitung dieser Inhalte. Wir behalten uns das Recht vor, Inhalte zu \u00fcberpr\u00fcfen und zu entfernen, die wir f\u00fcr unangemessen halten oder die gegen diese Bedingungen versto\u00dfen.<\/p><h3 data-start=\"2174\" data-end=\"2206\">7. Begrenzung der Haftung<\/h3><p data-start=\"2207\" data-end=\"2458\">Wellfitsource haftet nicht f\u00fcr direkte, indirekte, zuf\u00e4llige oder Folgesch\u00e4den, die sich aus der Nutzung der Website oder der Unf\u00e4higkeit zur Nutzung der Website ergeben. Dies gilt auch f\u00fcr gesch\u00e4ftliche Verluste oder Datenverluste im Zusammenhang mit den Dienstleistungen der Website.<\/p><h3 data-start=\"2460\" data-end=\"2486\">8. Links von Drittanbietern<\/h3><p data-start=\"2487\" data-end=\"2697\">Die Website kann Links zu Websites Dritter enthalten. Wellfitsource ist nicht verantwortlich f\u00fcr den Inhalt oder die Richtigkeit von Informationen auf Websites Dritter und \u00fcbernimmt keine Verantwortung f\u00fcr diese.<\/p><h3 data-start=\"2699\" data-end=\"2719\">9. Beendigung<\/h3><p data-start=\"2720\" data-end=\"2862\">Wellfitsource kann den Zugang zur Website ohne Vorank\u00fcndigung beenden oder aussetzen, wenn das Verhalten gegen diese Bedingungen verst\u00f6\u00dft oder f\u00fcr andere Benutzer sch\u00e4dlich ist.<\/p><h3 data-start=\"2864\" data-end=\"2887\">10. Geltendes Recht<\/h3><p data-start=\"2888\" data-end=\"3038\">Diese Bedingungen und alle Streitigkeiten, die sich aus Ihrer Nutzung der Website ergeben, unterliegen den Gesetzen von [Ihr Gerichtsstand] und werden entsprechend ausgelegt.<\/p><p data-start=\"2888\" data-end=\"3038\">Bei Fragen zu diesen Bedingungen, kontaktieren Sie uns bitte unter <strong data-start=\"3098\" data-end=\"3127\"><a rel=\"noopener\" data-start=\"3100\" data-end=\"3125\">support@wellfitsource.com<\/a><\/strong>.<\/p>\t\t\t\t\t\t\t\t<\/div>\n\t\t\t\t<\/div>\n\t\t\t\t<\/div>\n\t\t\t\t\t<\/div>\n\t\t\t\t<\/div>\n\t\t\t\t<\/div>","protected":false},"excerpt":{"rendered":"<p>Terms of Use Welcome to Wellfitsource! These Terms of Use (\u201cTerms\u201d) govern your use of the website located at wellfitsource.com (the \u201cSite\u201d) and the services provided by Wellfitsource (\u201cwe,\u201d \u201cus,\u201d or \u201cour\u201d). By accessing or using the Site, you agree to comply with these Terms. If you do not agree, please do not use the [&hellip;]<\/p>","protected":false},"author":2,"featured_media":0,"parent":0,"menu_order":0,"comment_status":"closed","ping_status":"closed","template":"","meta":{"_seopress_robots_primary_cat":"","_seopress_titles_title":"","_seopress_titles_desc":"","_seopress_robots_index":"","footnotes":""},"class_list":["post-1866","page","type-page","status-publish","hentry"],"_links":{"self":[{"href":"https:\/\/wellfitsource.com\/de\/wp-json\/wp\/v2\/pages\/1866","targetHints":{"allow":["GET"]}}],"collection":[{"href":"https:\/\/wellfitsource.com\/de\/wp-json\/wp\/v2\/pages"}],"about":[{"href":"https:\/\/wellfitsource.com\/de\/wp-json\/wp\/v2\/types\/page"}],"author":[{"embeddable":true,"href":"https:\/\/wellfitsource.com\/de\/wp-json\/wp\/v2\/users\/2"}],"replies":[{"embeddable":true,"href":"https:\/\/wellfitsource.com\/de\/wp-json\/wp\/v2\/comments?post=1866"}],"version-history":[{"count":13,"href":"https:\/\/wellfitsource.com\/de\/wp-json\/wp\/v2\/pages\/1866\/revisions"}],"predecessor-version":[{"id":4954,"href":"https:\/\/wellfitsource.com\/de\/wp-json\/wp\/v2\/pages\/1866\/revisions\/4954"}],"wp:attachment":[{"href":"https:\/\/wellfitsource.com\/de\/wp-json\/wp\/v2\/media?parent=1866"}],"curies":[{"name":"wp","href":"https:\/\/api.w.org\/{rel}","templated":true}]}}