{"id":1848,"date":"2024-11-12T23:27:35","date_gmt":"2024-11-12T15:27:35","guid":{"rendered":"https:\/\/wellfitsource.com\/?page_id=1848"},"modified":"2025-08-30T13:58:11","modified_gmt":"2025-08-30T05:58:11","slug":"privacy-policy","status":"publish","type":"page","link":"https:\/\/wellfitsource.com\/de\/privacy-policy\/","title":{"rendered":"Datenschutzbestimmungen"},"content":{"rendered":"<div data-elementor-type=\"wp-page\" data-elementor-id=\"1848\" class=\"elementor elementor-1848\" data-elementor-post-type=\"page\">\n\t\t\t\t<div class=\"elementor-element elementor-element-784fa18 e-flex e-con-boxed e-con e-parent\" data-id=\"784fa18\" data-element_type=\"container\" data-settings=\"{&quot;background_background&quot;:&quot;classic&quot;,&quot;ekit_has_onepagescroll_dot&quot;:&quot;yes&quot;}\">\n\t\t\t\t\t<div class=\"e-con-inner\">\n\t\t<div class=\"elementor-element elementor-element-b3cf68d e-con-full e-flex e-con e-child\" data-id=\"b3cf68d\" data-element_type=\"container\" data-settings=\"{&quot;background_background&quot;:&quot;classic&quot;,&quot;ekit_has_onepagescroll_dot&quot;:&quot;yes&quot;}\">\n\t\t\t\t<div class=\"elementor-element elementor-element-69c86bd elementor-widget elementor-widget-heading\" data-id=\"69c86bd\" data-element_type=\"widget\" data-settings=\"{&quot;ekit_we_effect_on&quot;:&quot;none&quot;}\" data-widget_type=\"heading.default\">\n\t\t\t\t<div class=\"elementor-widget-container\">\n\t\t\t\t\t<h2 class=\"elementor-heading-title elementor-size-default\">Datenschutzbestimmungen<\/h2>\t\t\t\t<\/div>\n\t\t\t\t<\/div>\n\t\t\t\t<div class=\"elementor-element elementor-element-b2f3cbe elementor-widget elementor-widget-text-editor\" data-id=\"b2f3cbe\" data-element_type=\"widget\" data-settings=\"{&quot;ekit_we_effect_on&quot;:&quot;none&quot;}\" data-widget_type=\"text-editor.default\">\n\t\t\t\t<div class=\"elementor-widget-container\">\n\t\t\t\t\t\t\t\t\t<div class=\"flex max-w-full flex-col flex-grow\"><div class=\"min-h-8 text-message relative flex w-full flex-col items-end gap-2 whitespace-normal break-words text-start [.text-message+&amp;]:mt-5\" dir=\"auto\" data-message-author-role=\"assistant\" data-message-id=\"4bd5f813-b49e-4149-ad36-41acd76ca05e\" data-message-model-slug=\"gpt-4o\"><div class=\"flex w-full flex-col gap-1 empty:hidden first:pt-[3px]\"><div class=\"markdown prose w-full break-words dark:prose-invert light\"><p data-start=\"0\" data-end=\"38\"><strong data-start=\"0\" data-end=\"36\">Datenschutzrichtlinie f\u00fcr Wellfitsource<\/strong><\/p><p data-start=\"40\" data-end=\"271\">Bei Wellfitsource, erreichbar \u00fcber <a href=\"https:\/\/wellfitsource.com\/de\/\" target=\"_new\" rel=\"noopener\" data-start=\"74\" data-end=\"120\">wellfitsource.com<\/a>ist der Schutz Ihrer Privatsph\u00e4re eine Priorit\u00e4t. In dieser Datenschutzrichtlinie wird erl\u00e4utert, wie wir die von den Besuchern unserer Website gesammelten Informationen erfassen, verwenden und weitergeben.<\/p><h3 data-start=\"273\" data-end=\"294\">1. Einleitung<\/h3><p data-start=\"295\" data-end=\"514\">Diese Datenschutzrichtlinie gilt f\u00fcr die Erfassung, Verwendung und Weitergabe von pers\u00f6nlichen Daten, die von Wellfitsource erfasst werden. Durch die Nutzung unserer Website erkl\u00e4ren Sie sich mit der Erfassung und Nutzung von Informationen in \u00dcbereinstimmung mit dieser Richtlinie einverstanden.<\/p><h3 data-start=\"516\" data-end=\"547\">2. Informationen, die wir sammeln<\/h3><p data-start=\"548\" data-end=\"931\"><strong data-start=\"548\" data-end=\"573\">Pers\u00f6nliche Informationen:<\/strong> Wir erfassen personenbezogene Daten, die Sie uns freiwillig zur Verf\u00fcgung stellen, wie z. B. Name, E-Mail-Adresse und Kontaktdaten, wenn Sie sich registrieren, Updates abonnieren oder mit uns Kontakt aufnehmen.<br data-start=\"741\" data-end=\"744\" \/><strong data-start=\"744\" data-end=\"784\">Automatisch gesammelte Informationen:<\/strong> Wir k\u00f6nnen technische Informationen, einschlie\u00dflich IP-Adresse, Browsertyp, Betriebssystem und Nutzungsdaten, sammeln, um die Leistung der Website zu verbessern.<\/p><h3 data-start=\"933\" data-end=\"969\">3. Wie wir Ihre Informationen verwenden<\/h3><p data-start=\"970\" data-end=\"1020\">Wellfitsource verwendet die gesammelten Informationen, um:<\/p><ul data-start=\"1021\" data-end=\"1238\"><li data-start=\"1021\" data-end=\"1076\">Erweiterung und Verbesserung der Funktionen und Dienste der Website<\/li><li data-start=\"1077\" data-end=\"1130\">Beantwortung von Kundenanfragen und Bereitstellung von Unterst\u00fctzung<\/li><li data-start=\"1131\" data-end=\"1204\">Versenden von Marketing- und Werbenachrichten (Sie k\u00f6nnen sich jederzeit abmelden)<\/li><li data-start=\"1205\" data-end=\"1238\">Einhaltung der rechtlichen Verpflichtungen<\/li><\/ul><h3 data-start=\"1240\" data-end=\"1283\">4. Weitergabe und Offenlegung von Informationen<\/h3><p data-start=\"1284\" data-end=\"1368\">Wir geben Ihre pers\u00f6nlichen Daten nicht an Dritte weiter, verkaufen oder vermieten sie nicht, au\u00dfer:<\/p><ul data-start=\"1369\" data-end=\"1518\"><li data-start=\"1369\" data-end=\"1465\">mit Dienstleistern, die uns beim Website-Hosting, der Datenanalyse und der Kundenbetreuung unterst\u00fctzen<\/li><li data-start=\"1466\" data-end=\"1518\">Wenn dies aufgrund von Gesetzen, Vorschriften oder rechtlichen Verfahren erforderlich ist<\/li><\/ul><h3 data-start=\"1520\" data-end=\"1542\">5. Datensicherheit<\/h3><p data-start=\"1543\" data-end=\"1743\">Wir treffen Vorkehrungen zum Schutz Ihrer Daten, indem wir Verschl\u00fcsselungs- und Sicherheitsprotokolle nach Industriestandard verwenden. Bitte beachten Sie jedoch, dass keine Methode der Internet\u00fcbertragung oder -speicherung v\u00f6llig sicher ist.<\/p><h3 data-start=\"1745\" data-end=\"1787\">6. Cookies und Tracking-Technologien<\/h3><p data-start=\"1788\" data-end=\"2036\">Wellfitsource verwendet Cookies und \u00e4hnliche Tracking-Technologien, um Ihr Browsing-Erlebnis zu verbessern, den Website-Verkehr zu analysieren und personalisierte Inhalte zu liefern. Sie k\u00f6nnen Cookies in den Einstellungen Ihres Browsers deaktivieren, allerdings k\u00f6nnen dadurch einige Funktionen der Website beeintr\u00e4chtigt werden.<\/p><h3 data-start=\"2038\" data-end=\"2058\">7. Benutzerrechte<\/h3><p data-start=\"2059\" data-end=\"2155\">Je nach Gerichtsbarkeit haben Sie m\u00f6glicherweise Rechte an Ihren pers\u00f6nlichen Daten, darunter auch das Recht auf Auskunft:<\/p><ul data-start=\"2156\" data-end=\"2275\"><li data-start=\"2156\" data-end=\"2211\">Zugriff, Aktualisierung oder L\u00f6schung Ihrer personenbezogenen Daten<\/li><li data-start=\"2212\" data-end=\"2275\">Einspruch gegen die Datenverarbeitung oder Antrag auf Datenbeschr\u00e4nkung<\/li><\/ul><p data-start=\"2277\" data-end=\"2356\">Um diese Rechte auszu\u00fcben, kontaktieren Sie uns bitte unter <strong data-start=\"2324\" data-end=\"2353\"><a rel=\"noopener\" data-start=\"2326\" data-end=\"2351\">support@wellfitsource.com<\/a><\/strong>.<\/p><h3 data-start=\"2358\" data-end=\"2392\">8. \u00c4nderungen der Datenschutzrichtlinie<\/h3><p data-start=\"2393\" data-end=\"2552\">Wellfitsource beh\u00e4lt sich das Recht vor, diese Datenschutzrichtlinie zu aktualisieren. \u00c4nderungen werden auf dieser Seite ver\u00f6ffentlicht, und wir empfehlen Ihnen, diese Richtlinie regelm\u00e4\u00dfig zu \u00fcberpr\u00fcfen.<\/p><h3 data-start=\"2554\" data-end=\"2573\">9. Kontakt<\/h3><p data-start=\"2574\" data-end=\"2694\" data-is-last-node=\"\" data-is-only-node=\"\">Wenn Sie Fragen oder Bedenken bez\u00fcglich dieser Datenschutzrichtlinie haben, kontaktieren Sie uns bitte unter <strong data-start=\"2664\" data-end=\"2693\"><a rel=\"noopener\" data-start=\"2666\" data-end=\"2691\">support@wellfitsource.com<\/a><\/strong>.<\/p><\/div><\/div><\/div><\/div>\t\t\t\t\t\t\t\t<\/div>\n\t\t\t\t<\/div>\n\t\t\t\t<\/div>\n\t\t\t\t\t<\/div>\n\t\t\t\t<\/div>\n\t\t\t\t<\/div>","protected":false},"excerpt":{"rendered":"<p>Privacy Policy Privacy Policy for Wellfitsource At Wellfitsource, accessible from wellfitsource.com, protecting your privacy is a priority. This Privacy Policy explains how we collect, use, and share information collected from visitors to our Site. 1. Introduction This Privacy Policy applies to the collection, use, and sharing of personal information collected by Wellfitsource. By using our [&hellip;]<\/p>","protected":false},"author":2,"featured_media":0,"parent":0,"menu_order":0,"comment_status":"closed","ping_status":"closed","template":"","meta":{"_seopress_robots_primary_cat":"","_seopress_titles_title":"Privacy Policy | Wellfitsource Yoga & Fitness Supplier","_seopress_titles_desc":"Read Wellfitsource Privacy Policy. Learn how we collect, use, and protect your data with secure practices, user rights, and compliance assurance.","_seopress_robots_index":"","footnotes":""},"class_list":["post-1848","page","type-page","status-publish","hentry"],"_links":{"self":[{"href":"https:\/\/wellfitsource.com\/de\/wp-json\/wp\/v2\/pages\/1848","targetHints":{"allow":["GET"]}}],"collection":[{"href":"https:\/\/wellfitsource.com\/de\/wp-json\/wp\/v2\/pages"}],"about":[{"href":"https:\/\/wellfitsource.com\/de\/wp-json\/wp\/v2\/types\/page"}],"author":[{"embeddable":true,"href":"https:\/\/wellfitsource.com\/de\/wp-json\/wp\/v2\/users\/2"}],"replies":[{"embeddable":true,"href":"https:\/\/wellfitsource.com\/de\/wp-json\/wp\/v2\/comments?post=1848"}],"version-history":[{"count":15,"href":"https:\/\/wellfitsource.com\/de\/wp-json\/wp\/v2\/pages\/1848\/revisions"}],"predecessor-version":[{"id":4957,"href":"https:\/\/wellfitsource.com\/de\/wp-json\/wp\/v2\/pages\/1848\/revisions\/4957"}],"wp:attachment":[{"href":"https:\/\/wellfitsource.com\/de\/wp-json\/wp\/v2\/media?parent=1848"}],"curies":[{"name":"wp","href":"https:\/\/api.w.org\/{rel}","templated":true}]}}